{"id":3774,"date":"2024-11-27T20:06:40","date_gmt":"2024-11-27T20:06:40","guid":{"rendered":"https:\/\/ayuntamientodeprogreso.gob.mx\/uthap\/?page_id=3774"},"modified":"2024-11-28T02:28:28","modified_gmt":"2024-11-28T02:28:28","slug":"srcp-sindicato-de-trabajadores-rafael-chazaro-perez","status":"publish","type":"page","link":"https:\/\/ayuntamientodeprogreso.gob.mx\/uthap\/sindicatos\/srcp-sindicato-de-trabajadores-rafael-chazaro-perez\/","title":{"rendered":"SRCP Sindicato de Trabajadores &#8220;Rafael Ch\u00e1zaro P\u00e9rez&#8221;"},"content":{"rendered":"<h3><span style=\"color: #3366ff;\">Sindicato de Trabajadores en General al Servicio del Ayuntamiento de la Ciudad y Puerto de Progreso de Castro, Yucat\u00e1n &#8220;Rafael Ch\u00e1zaro P\u00e9rez&#8221;<\/span><\/h3>\n<p><strong>Secretario General<\/strong><\/p>\n<p>Lic. Alan Novelo Borges<\/p>\n<p><strong>Comit\u00e9 de Transparencia<\/strong><\/p>\n<p>C. Juan Emilio V\u00e1squez Chi.- Presidente<\/p>\n<p>C. Elsy Patricia Poot V\u00e1zquez.- Vocal<\/p>\n<p>C. Arturo Valente P\u00e9rez N\u00fa\u00f1ez.- Vocal<\/p>\n<p>C. Alan Novelo Borges.- Secretario T\u00e9cnico.<\/p>\n<h4><strong>Estatutos<\/strong><\/h4>\n<p><a href=\"https:\/\/ayuntamientodeprogreso.gob.mx\/uthap\/wp-content\/uploads\/2024\/11\/ESTATUTOS-SIND.-DE-TRABAJADORES-RAFAEL-CHAZARO-PEREZ.pdf\">ESTATUTOS SIND. DE TRABAJADORES RAFAEL CHAZARO PEREZ<\/a><\/p>\n<p><strong>Tomas de Nota<\/strong><\/p>\n<p><a href=\"https:\/\/ayuntamientodeprogreso.gob.mx\/uthap\/wp-content\/uploads\/2024\/11\/YUC_MER_RAS_541_acuerdo-registro-sindical_1936_12_18.pdf\">YUC_MER_RAS_541_acuerdo-registro-sindical_1936_12_18<\/a><\/p>\n<p><a href=\"https:\/\/ayuntamientodeprogreso.gob.mx\/uthap\/wp-content\/uploads\/2024\/11\/Toma-de-nota-Padron-28-05-24.pdf\">Toma de nota &#8211; Padron 28-05-24<\/a><\/p>\n<p><a href=\"https:\/\/ayuntamientodeprogreso.gob.mx\/uthap\/wp-content\/uploads\/2024\/11\/Toma-de-nota-Directiva.pdf\">Toma de nota- Directiva<\/a><\/p>\n<h4><a href=\"https:\/\/ayuntamientodeprogreso.gob.mx\/uthap\/wp-content\/uploads\/2024\/11\/REG_ESTT-541-SIND_TRAB-LIMPIEZA_PTO-PROGRESO-ESTATUTOS.pdf\">REG_ESTT-541-SIND_TRAB-LIMPIEZA_PTO-PROGRESO- ESTATUTOS<\/a><\/h4>\n<p><a href=\"https:\/\/ayuntamientodeprogreso.gob.mx\/uthap\/wp-content\/uploads\/2024\/11\/YUC_MER_RAS_541_modificaciones-estatutos_2018_01_25.pdf\">YUC_MER_RAS_541_modificaciones-estatutos_2018_01_25<\/a><\/p>\n<h4><strong>Acta de Asamblea<\/strong><\/h4>\n<p><a href=\"https:\/\/ayuntamientodeprogreso.gob.mx\/uthap\/wp-content\/uploads\/2024\/11\/Directiva-Acta-de-Asamblea.pdf\">Directiva- Acta de Asamblea<\/a><\/p>\n<p>&nbsp;<\/p>\n<h4><strong>Comisiones<\/strong><\/h4>\n<p><a href=\"https:\/\/ayuntamientodeprogreso.gob.mx\/uthap\/wp-content\/uploads\/2024\/11\/COMISION-DE-HACIENDA-Y-GLOSA.pdf\">COMISI\u00d3N DE HACIENDA Y GLOSA<\/a> <a href=\"https:\/\/ayuntamientodeprogreso.gob.mx\/uthap\/wp-content\/uploads\/2024\/11\/COMISION-DE-HONOR-Y-JUSTICIA.pdf\">COMISI\u00d3N DE HONOR Y JUSTICIA<\/a> <a href=\"https:\/\/ayuntamientodeprogreso.gob.mx\/uthap\/wp-content\/uploads\/2024\/11\/Secretaria-de-Actas-y-Acuerdos.pdf\">Secretar\u00eda de Actas y Acuerdos<\/a> <a href=\"https:\/\/ayuntamientodeprogreso.gob.mx\/uthap\/wp-content\/uploads\/2024\/11\/Secretaria-de-Jubilados-Pensionados-y-Defunciones-.pdf\">Secretar\u00eda de Jubilados, Pensionados y Defunciones<\/a> <a href=\"https:\/\/ayuntamientodeprogreso.gob.mx\/uthap\/wp-content\/uploads\/2024\/11\/Secretaria-de-Organizacion-Prensa-y-Propaganda.pdf\">Secretar\u00eda de Organizaci\u00f3n, Prensa y Propaganda<\/a> <a href=\"https:\/\/ayuntamientodeprogreso.gob.mx\/uthap\/wp-content\/uploads\/2024\/11\/Secretaria-de-Seguridad-e-Higiene.pdf\">Secretar\u00eda de Seguridad e Higiene<\/a> <a href=\"https:\/\/ayuntamientodeprogreso.gob.mx\/uthap\/wp-content\/uploads\/2024\/11\/Secretaria-de-Tesoreria.pdf\">Secretar\u00eda de Tesorer\u00eda<\/a> <a href=\"https:\/\/ayuntamientodeprogreso.gob.mx\/uthap\/wp-content\/uploads\/2024\/11\/Secretaria-de-Trabajo-y-Conflictos-.pdf\">Secretaria de Trabajo y Conflictos<\/a> <a href=\"https:\/\/ayuntamientodeprogreso.gob.mx\/uthap\/wp-content\/uploads\/2024\/11\/SECRETARIA-GENERAL.pdf\">SECRETAR\u00cdA GENERAL<\/a><\/p>\n","protected":false},"excerpt":{"rendered":"<p>Sindicato de Trabajadores en General al Servicio del Ayuntamiento de la Ciudad y Puerto de Progreso de Castro, Yucat\u00e1n &#8220;Rafael Ch\u00e1zaro P\u00e9rez&#8221; Secretario General Lic. Alan Novelo Borges Comit\u00e9 de Transparencia C. Juan Emilio V\u00e1squez Chi.- Presidente C. Elsy Patricia Poot V\u00e1zquez.- Vocal C. Arturo Valente P\u00e9rez N\u00fa\u00f1ez.- Vocal C. Alan Novelo Borges.- Secretario T\u00e9cnico.\u2026 <span class=\"read-more\"><a href=\"https:\/\/ayuntamientodeprogreso.gob.mx\/uthap\/sindicatos\/srcp-sindicato-de-trabajadores-rafael-chazaro-perez\/\">Read More &raquo;<\/a><\/span><\/p>\n","protected":false},"author":101012,"featured_media":0,"parent":3328,"menu_order":2,"comment_status":"closed","ping_status":"closed","template":"","meta":{"footnotes":""},"_links":{"self":[{"href":"https:\/\/ayuntamientodeprogreso.gob.mx\/uthap\/wp-json\/wp\/v2\/pages\/3774"}],"collection":[{"href":"https:\/\/ayuntamientodeprogreso.gob.mx\/uthap\/wp-json\/wp\/v2\/pages"}],"about":[{"href":"https:\/\/ayuntamientodeprogreso.gob.mx\/uthap\/wp-json\/wp\/v2\/types\/page"}],"author":[{"embeddable":true,"href":"https:\/\/ayuntamientodeprogreso.gob.mx\/uthap\/wp-json\/wp\/v2\/users\/101012"}],"replies":[{"embeddable":true,"href":"https:\/\/ayuntamientodeprogreso.gob.mx\/uthap\/wp-json\/wp\/v2\/comments?post=3774"}],"version-history":[{"count":7,"href":"https:\/\/ayuntamientodeprogreso.gob.mx\/uthap\/wp-json\/wp\/v2\/pages\/3774\/revisions"}],"predecessor-version":[{"id":3797,"href":"https:\/\/ayuntamientodeprogreso.gob.mx\/uthap\/wp-json\/wp\/v2\/pages\/3774\/revisions\/3797"}],"up":[{"embeddable":true,"href":"https:\/\/ayuntamientodeprogreso.gob.mx\/uthap\/wp-json\/wp\/v2\/pages\/3328"}],"wp:attachment":[{"href":"https:\/\/ayuntamientodeprogreso.gob.mx\/uthap\/wp-json\/wp\/v2\/media?parent=3774"}],"curies":[{"name":"wp","href":"https:\/\/api.w.org\/{rel}","templated":true}]}}