{"id":3331,"date":"2023-10-06T22:25:58","date_gmt":"2023-10-06T22:25:58","guid":{"rendered":"https:\/\/ayuntamientodeprogreso.gob.mx\/uthap\/?page_id=3331"},"modified":"2025-10-15T18:56:27","modified_gmt":"2025-10-15T18:56:27","slug":"seoa-sindicato-empleados-y-obreros","status":"publish","type":"page","link":"https:\/\/ayuntamientodeprogreso.gob.mx\/uthap\/sindicatos\/seoa-sindicato-empleados-y-obreros\/","title":{"rendered":"SEOA Sindicato Empleados y Obreros"},"content":{"rendered":"<p><a href=\"https:\/\/consultapublicamx.plataformadetransparencia.org.mx\/vut-web\/faces\/view\/consultaPublica.xhtml?idEntidad=MzE=&amp;idSujetoObligado=MzAyODg=\">Consulta las Obligaciones de Transparencia<\/a><\/p>\n<p><iframe loading=\"lazy\" src=\"https:\/\/consultapublicamx.plataformadetransparencia.org.mx\/vut-web\/faces\/view\/consultaPublica.xhtml?idEntidad=MzE=&amp;idSujetoObligado=MzAyODg=\" width=\"1024\" height=\"1024\"><\/iframe><\/p>\n<h3><span style=\"color: #003300;\">Sindicato de Empleados y Obreros del H. Ayuntamiento de Progreso<\/span><\/h3>\n<p><strong>Secretario General:<\/strong> Lic. Jos\u00e9 \u00c1rcangel \u00c1vila Pat<\/p>\n<p><strong>Titular de Unidad de Transparencia:<\/strong> C. Cinthia A. Brito Nah<\/p>\n<h3><span style=\"color: #003300;\">Correo para recibir solicitudes de informaci\u00f3n<\/span><\/h3>\n<p><a href=\"mailto:seoprogreso@transparenciayucatan.org.mx\">seoprogreso@transparenciayucatan.org.mx<\/a><\/p>\n<h2><strong>D\u00cdAS INH\u00c1BILES<\/strong><\/h2>\n<ul>\n<li type=\"square\">01 de Enero \u2013 A\u00f1o Nuevo<\/li>\n<li type=\"square\">06 de Febrero \u2013 D\u00eda de la Constituci\u00f3n de M\u00e9xico<\/li>\n<li type=\"square\">21 de Febrero \u2013 Martes de Carnaval<\/li>\n<li type=\"square\">20 de Marzo \u2013 Natalicio de Benito Ju\u00e1rez<\/li>\n<li type=\"square\">07 de Abril \u2013 Viernes Santo<\/li>\n<li type=\"square\">01 de Mayo \u2013 D\u00eda del Trabajo<\/li>\n<li type=\"square\">05 de Mayo \u2013 Batalla de Puebla<\/li>\n<li type=\"square\">16 de Septiembre \u2013 D\u00eda de la Independencia de M\u00e9xico<\/li>\n<li type=\"square\">02 de Noviembre \u2013 D\u00eda de los Fieles Difuntos<\/li>\n<li type=\"square\">04 de Noviembre \u2013 Aniversario Sindical SEO<\/li>\n<li type=\"square\">20 de Noviembre \u2013 D\u00eda de la Revoluci\u00f3n Mexicana<\/li>\n<li>08 de Diciembre \u2013 Constituci\u00f3n del Nuevo Comit\u00e9 Sindical.<\/li>\n<li type=\"square\">25 de Diciembre \u2013 Navidad<\/li>\n<\/ul>\n<p>&nbsp;<\/p>\n<p><strong>MARCO NORMATIVO <\/strong><\/p>\n<p><a href=\"https:\/\/ayuntamientodeprogreso.gob.mx\/uthap\/wp-content\/uploads\/2024\/03\/PACTO-INTERNACIONAL-DE-DERECHOS-ECONOMICOS-SOCIALES-Y-CULTURALES-1.pdf\">PACTO INTERNACIONAL DE DERECHOS ECONOMICOS, SOCIALES Y CULTURALES<\/a><\/p>\n<p><a href=\"https:\/\/ayuntamientodeprogreso.gob.mx\/uthap\/wp-content\/uploads\/2024\/03\/PACTO-INTERNACIONAL-DE-DERECHOS-CIVILES-Y-POLITICOS.pdf\">PACTO INTERNACIONAL DE DERECHOS CIVILES Y POLITICOS<\/a><\/p>\n<p><a href=\"https:\/\/ayuntamientodeprogreso.gob.mx\/uthap\/wp-content\/uploads\/2024\/03\/CONVENCION-AMERICANA-SOBRE-DERECHOS-HUMANOS-1.pdf\">CONVENCION AMERICANA SOBRE DERECHOS HUMANOS<\/a><\/p>\n<p><a href=\"https:\/\/ayuntamientodeprogreso.gob.mx\/uthap\/wp-content\/uploads\/2024\/03\/LEY-GENERAL-DE-ARCHIVOS-1.pdf\">LEY GENERAL DE ARCHIVOS<\/a><\/p>\n<p><a href=\"https:\/\/ayuntamientodeprogreso.gob.mx\/uthap\/wp-content\/uploads\/2024\/03\/LEY-GENERAL-DE-PROTECCION-DE-DATOS-PERSONALES-EN-POSESION-DE-SUJETOS-OBLIGADOS-1.pdf\">LEY GENERAL DE PROTECCION DE DATOS PERSONALES EN POSESION DE SUJETOS OBLIGADOS<\/a><\/p>\n<p><a href=\"https:\/\/ayuntamientodeprogreso.gob.mx\/uthap\/wp-content\/uploads\/2024\/03\/LEY-GENERAL-DE-TRANSPARENCIA-Y-ACCESO-A-LA-INFORMACION-PUBLICA-1.pdf\">LEY GENERAL DE TRANSPARENCIA Y ACCESO A LA INFORMACION PUBLICA<\/a><\/p>\n<p><a href=\"https:\/\/ayuntamientodeprogreso.gob.mx\/uthap\/wp-content\/uploads\/2024\/03\/LEY-DE-LOS-TRABAJADORES-AL-SERVICIO-DEL-ESTADO-Y-MUNICIPIOS-DE-YUCATAN-1.pdf\">LEY DE LOS TRABAJADORES AL SERVICIO DEL ESTADO Y MUNICIPIOS DE YUCATAN<\/a><\/p>\n<p><a href=\"https:\/\/ayuntamientodeprogreso.gob.mx\/uthap\/wp-content\/uploads\/2024\/03\/LEY-DE-PROTECCION-DE-DP-EN-POSESION-DE-SO-YUC-1.pdf\">LEY DE PROTECCION DE DP EN POSESION DE SO YUC.<\/a><\/p>\n<p><a href=\"https:\/\/ayuntamientodeprogreso.gob.mx\/uthap\/wp-content\/uploads\/2024\/03\/LEY-DE-TRANSPARENCIA-Y-ACCESO-A-LA-INFORMACION-PUBLICA-DEL-ESTADO-DE-YUCATAN-1.pdf\">LEY DE TRANSPARENCIA Y ACCESO A LA INFORMACION PUBLICA DEL ESTADO DE YUCATAN<\/a><\/p>\n<p><a href=\"https:\/\/ayuntamientodeprogreso.gob.mx\/uthap\/wp-content\/uploads\/2024\/03\/LINEAMIENTOS-GENERALES-EN-MATERIA-DE-CLASIFICACION-Y-DESCLASIFICACION.pdf\">LINEAMIENTOS GENERALES EN MATERIA DE CLASIFICACION Y DESCLASIFICACION<\/a><\/p>\n<p><a href=\"https:\/\/ayuntamientodeprogreso.gob.mx\/uthap\/wp-content\/uploads\/2024\/03\/ESTATUTO-SEOA-1.pdf\">ESTATUTO SEOA<\/a><\/p>\n<p><a href=\"https:\/\/ayuntamientodeprogreso.gob.mx\/uthap\/wp-content\/uploads\/2024\/05\/REQUERIMIENTOS-COMITE-EJECUTIVO.pdf\">REQUERIMIENTOS COMITE EJECUTIVO<\/a><\/p>\n<p><a href=\"https:\/\/ayuntamientodeprogreso.gob.mx\/uthap\/wp-content\/uploads\/2024\/05\/LINEAMIENTOS-PRONADATOS.pdf\">LINEAMIENTOS PRONADATOS<\/a><\/p>\n<p><a href=\"https:\/\/ayuntamientodeprogreso.gob.mx\/uthap\/wp-content\/uploads\/2024\/05\/LINEAMIENTOS-DENUNCIA.pdf\">LINEAMIENTOS DENUNCIA<\/a><\/p>\n<p><a href=\"https:\/\/ayuntamientodeprogreso.gob.mx\/uthap\/wp-content\/uploads\/2024\/05\/LINEAMIENTOS-GENERALES-SIGEMI-SICOM.pdf\">LINEAMIENTOS GENERALES SIGEMI SICOM<\/a><\/p>\n<p><a href=\"https:\/\/ayuntamientodeprogreso.gob.mx\/uthap\/wp-content\/uploads\/2024\/05\/LINEAMIENTOS-PROCEDIMIENTOS-VERIFICACION.pdf\">LINEAMIENTOS PROCEDIMIENTOS VERIFICACION<\/a><\/p>\n<p><a href=\"https:\/\/ayuntamientodeprogreso.gob.mx\/uthap\/wp-content\/uploads\/2024\/05\/LEY-DE-RESPONSABILIDADES-ADMINISTRATIVAS-DEL-ESTADO-DE-YUCATAN.pdf\">LEY DE RESPONSABILIDADES ADMINISTRATIVAS DEL ESTADO DE YUCATAN<\/a><\/p>\n<p><a href=\"https:\/\/ayuntamientodeprogreso.gob.mx\/uthap\/wp-content\/uploads\/2024\/05\/LINEAMIENTOS-DE-FUNCIONALIDAD-OPERACION-Y-MEJORAS-DE-LA-PNT.pdf\">LINEAMIENTOS DE FUNCIONALIDAD OPERACION Y MEJORAS DE LA PNT<\/a><\/p>\n<p><a href=\"https:\/\/ayuntamientodeprogreso.gob.mx\/uthap\/wp-content\/uploads\/2024\/05\/LINEAMIENTOS-ELABORACION-EJECUCION-Y-EVALUACION-DE-PROGRAMA-NACIONAL-DE-TRANSPARENCIA-Y-ACCESO-A-LA-INFORMACION.pdf\">LINEAMIENTOS ELABORACION EJECUCION Y EVALUACION DE PROGRAMA NACIONAL DE TRANSPARENCIA Y ACCESO A LA INFORMACION<\/a><\/p>\n<p><a href=\"https:\/\/ayuntamientodeprogreso.gob.mx\/uthap\/wp-content\/uploads\/2024\/05\/LINEAMIENTOS-PARA-DETERMINAR-LOS-CATALOGOS-Y-PUBLICACION-DE-INFORMACION-DE-INTERES-PUBLICO.pdf\">LINEAMIENTOS PARA DETERMINAR LOS CATALOGOS Y PUBLICACION DE INFORMACION DE INTERES PUBLICO<\/a><\/p>\n<p><a href=\"https:\/\/ayuntamientodeprogreso.gob.mx\/uthap\/wp-content\/uploads\/2024\/05\/LINEAMIENTOS-PARA-LA-EMISION-Y-EVALUACION-DE-POLITICAS-DE-TRANSPARENCIA-PROACTIVA.pdf\">LINEAMIENTOS PARA LA EMISION Y EVALUACION DE POLITICAS DE TRANSPARENCIA PROACTIVA<\/a><\/p>\n<p><a href=\"https:\/\/ayuntamientodeprogreso.gob.mx\/uthap\/wp-content\/uploads\/2024\/05\/LINEAMIENTOS-PARA-LA-ORGANIZACION-Y-CONSERVACION-DE-ARCHIVOS.pdf\">LINEAMIENTOS PARA LA ORGANIZACION Y CONSERVACION DE ARCHIVOS<\/a><\/p>\n<p><a href=\"https:\/\/ayuntamientodeprogreso.gob.mx\/uthap\/wp-content\/uploads\/2024\/05\/LINEAMIENTOS-QUE-DEBERAN-OBSERVAR-LOS-SO-PARA-LA-ATENCION-DE-REQUERIMIENTOS.pdf\">LINEAMIENTOS QUE DEBERAN OBSERVAR LOS SO PARA LA ATENCION DE REQUERIMIENTOS&#8230;<\/a><\/p>\n<p><a href=\"https:\/\/ayuntamientodeprogreso.gob.mx\/uthap\/wp-content\/uploads\/2024\/05\/CPEUM.pdf\">CPEUM<\/a><\/p>\n<p><a href=\"https:\/\/ayuntamientodeprogreso.gob.mx\/uthap\/wp-content\/uploads\/2024\/05\/LEY-DE-GOBIERNO-DE-LOS-MUNICIPIOS-DEL-ESTADO-DE-YUCATAN.pdf\">LEY DE GOBIERNO DE LOS MUNICIPIOS DEL ESTADO DE YUCATAN<\/a><\/p>\n<p><a href=\"https:\/\/ayuntamientodeprogreso.gob.mx\/uthap\/wp-content\/uploads\/2024\/05\/CONSTITUCION-POLITICA-DEL-ESTADO-DE-YUCATAN.pdf\">CONSTITUCION POLITICA DEL ESTADO DE YUCATAN<\/a><\/p>\n<p><a href=\"https:\/\/ayuntamientodeprogreso.gob.mx\/uthap\/wp-content\/uploads\/2024\/05\/LINEAMIENTOS-TECNICOS-GENERALES.pdf\">LINEAMIENTOS TECNICOS GENERALES<\/a><\/p>\n<p><strong>REGISTRO<\/strong><\/p>\n<p><a href=\"https:\/\/ayuntamientodeprogreso.gob.mx\/uthap\/wp-content\/uploads\/2024\/03\/REGISTRO-SEOA.pdf\">REGISTRO SEOA<\/a><\/p>\n<p>&nbsp;<\/p>\n<p><strong>ORGANIGRAMA<\/strong><\/p>\n<p><a href=\"https:\/\/ayuntamientodeprogreso.gob.mx\/uthap\/wp-content\/uploads\/2024\/03\/ORGANIGRAMA-SEOA.pdf\">ORGANIGRAMA SEOA<\/a><\/p>\n<p>&nbsp;<\/p>\n<p><strong>ACTAS DE ASAMBLEA\u00a0<\/strong><\/p>\n<p>2023<\/p>\n<p><a href=\"https:\/\/ayuntamientodeprogreso.gob.mx\/uthap\/wp-content\/uploads\/2024\/03\/9-ACTA-DE-ASAMBLEA-16-11-23.pdf\">9-ACTA DE ASAMBLEA 16-11-23<\/a> <a href=\"https:\/\/ayuntamientodeprogreso.gob.mx\/uthap\/wp-content\/uploads\/2024\/03\/8-ACTA-DE-ASAMBLEA-08-11-23.pdf\">8-ACTA DE ASAMBLEA 08-11-23<\/a> <a href=\"https:\/\/ayuntamientodeprogreso.gob.mx\/uthap\/wp-content\/uploads\/2024\/03\/7-ACTA-ASAMBLEA-02-05-23.pdf\">7-ACTA ASAMBLEA 02-05-23<\/a> <a href=\"https:\/\/ayuntamientodeprogreso.gob.mx\/uthap\/wp-content\/uploads\/2024\/03\/10-ACTA-DE-ASAMBLEA-08-12-23.pdf\">10-ACTA DE ASAMBLEA 08-12-23<\/a><\/p>\n<p>2024<\/p>\n<p><a href=\"https:\/\/ayuntamientodeprogreso.gob.mx\/uthap\/wp-content\/uploads\/2024\/03\/11-ACTA-DE-ASAMBLEA-20-02-24-1.pdf\">11-ACTA DE ASAMBLEA 20-02-24<\/a><\/p>\n","protected":false},"excerpt":{"rendered":"<p>Consulta las Obligaciones de Transparencia Sindicato de Empleados y Obreros del H. Ayuntamiento de Progreso Secretario General: Lic. Jos\u00e9 \u00c1rcangel \u00c1vila Pat Titular de Unidad de Transparencia: C. Cinthia A. Brito Nah Correo para recibir solicitudes de informaci\u00f3n seoprogreso@transparenciayucatan.org.mx D\u00cdAS INH\u00c1BILES 01 de Enero \u2013 A\u00f1o Nuevo 06 de Febrero \u2013 D\u00eda de la Constituci\u00f3n\u2026 <span class=\"read-more\"><a href=\"https:\/\/ayuntamientodeprogreso.gob.mx\/uthap\/sindicatos\/seoa-sindicato-empleados-y-obreros\/\">Read More &raquo;<\/a><\/span><\/p>\n","protected":false},"author":101012,"featured_media":0,"parent":3328,"menu_order":16,"comment_status":"closed","ping_status":"closed","template":"","meta":{"footnotes":""},"_links":{"self":[{"href":"https:\/\/ayuntamientodeprogreso.gob.mx\/uthap\/wp-json\/wp\/v2\/pages\/3331"}],"collection":[{"href":"https:\/\/ayuntamientodeprogreso.gob.mx\/uthap\/wp-json\/wp\/v2\/pages"}],"about":[{"href":"https:\/\/ayuntamientodeprogreso.gob.mx\/uthap\/wp-json\/wp\/v2\/types\/page"}],"author":[{"embeddable":true,"href":"https:\/\/ayuntamientodeprogreso.gob.mx\/uthap\/wp-json\/wp\/v2\/users\/101012"}],"replies":[{"embeddable":true,"href":"https:\/\/ayuntamientodeprogreso.gob.mx\/uthap\/wp-json\/wp\/v2\/comments?post=3331"}],"version-history":[{"count":14,"href":"https:\/\/ayuntamientodeprogreso.gob.mx\/uthap\/wp-json\/wp\/v2\/pages\/3331\/revisions"}],"predecessor-version":[{"id":4180,"href":"https:\/\/ayuntamientodeprogreso.gob.mx\/uthap\/wp-json\/wp\/v2\/pages\/3331\/revisions\/4180"}],"up":[{"embeddable":true,"href":"https:\/\/ayuntamientodeprogreso.gob.mx\/uthap\/wp-json\/wp\/v2\/pages\/3328"}],"wp:attachment":[{"href":"https:\/\/ayuntamientodeprogreso.gob.mx\/uthap\/wp-json\/wp\/v2\/media?parent=3331"}],"curies":[{"name":"wp","href":"https:\/\/api.w.org\/{rel}","templated":true}]}}