{"id":2928,"date":"2022-08-04T16:39:04","date_gmt":"2022-08-04T16:39:04","guid":{"rendered":"http:\/\/ayuntamientodeprogreso.gob.mx\/uthap\/?page_id=2928"},"modified":"2023-08-24T20:04:49","modified_gmt":"2023-08-24T20:04:49","slug":"herramienta-cimtra","status":"publish","type":"page","link":"https:\/\/ayuntamientodeprogreso.gob.mx\/uthap\/herramienta-cimtra\/","title":{"rendered":"Herramienta CIMTRA"},"content":{"rendered":"<h2><strong>BLOQUE GASTOS<\/strong><\/h2>\n<p><strong><em>1. El gobierno municipal tiene a la vista de toda persona en formato abierto, accesible y electr\u00f3nico informaci\u00f3n sobre comunicaci\u00f3n social y est\u00e1 actualizada al menos al trimestre inmediato anterior de vigencia:<\/em><\/strong><\/p>\n<p>1.2 Compara directamente contra el monto del a\u00f1o pasado: <a href=\"https:\/\/ayuntamientodeprogreso.gob.mx\/uthap\/wp-content\/uploads\/2023\/08\/Comparativo-de-Gastos-de-Comunicacion-Social-2021-2023.xlsx\">Comparativo-de-Gastos-de-Comunicaci\u00f3n-Social-2021-2023<\/a><\/p>\n<p><strong><em>4. El gobierno municipal tiene a la vista de toda persona en formato abierto, accesible y electr\u00f3nico informaci\u00f3n sobre gastos de \u201cgesti\u00f3n\u201d de su cuerpo Edilicio (Cabildo) y est\u00e1 actualizada al menos al trimestre inmediato anterior de vigencia:<\/em><\/strong><\/p>\n<p><a href=\"https:\/\/ayuntamientodeprogreso.gob.mx\/uthap\/wp-content\/uploads\/2023\/08\/CIMTRA-4.Gastos-de-Gestion-Cuerpo-Edilicio-1er-Semestre-23.pdf\">CIMTRA 4.Gastos de Gesti\u00f3n Cuerpo Edilicio 1er Semestre 23<\/a><\/p>\n<p>4.1 En forma global<br \/>\n4.2 Desglosa por individuo (por Regidor y S\u00edndico)<br \/>\n4.3 Desglosa por fracci\u00f3n partidista<br \/>\n4.4 Publicaci\u00f3n del listado de beneficiarios que recibieron apoyos por cada Regidor y\/o por sus oficinas de Enlace:<\/p>\n<p><strong><em>6.- El gobierno municipal tiene a la vista de toda persona en formato abierto, accesible y electr\u00f3nico informaci\u00f3n sobre ejercicios de gasto municipal y est\u00e1 actualizada al menos al trimestre inmediato anterior de vigencia:<\/em><\/strong><\/p>\n<p>6.4 El gasto ejercido y desglosado para cubrir el o los contratos colectivos sindicales y\/o de beneficio para los trabajadores (cuando no existan sindicatos).<a href=\"http:\/\/ayuntamientodeprogreso.gob.mx\/uthap\/wp-content\/uploads\/2022\/08\/Sindicatos-gastos.pdf\">Sindicatos gastos<\/a><\/p>\n<p><a href=\"https:\/\/ayuntamientodeprogreso.gob.mx\/uthap\/wp-content\/uploads\/2023\/08\/CIMTRA-6.4-Sindicatos-2do-Semestre-22.pdf\">CIMTRA 6.4 Sindicatos 2do Semestre 22<\/a><\/p>\n<p><a href=\"https:\/\/ayuntamientodeprogreso.gob.mx\/uthap\/wp-content\/uploads\/2023\/08\/CIMTRA-6.4-Sindicatos-1er-Semestre-23.pdf\">CIMTRA 6.4 Sindicatos 1er Semestre 23<\/a><\/p>\n<p><strong><em>7. El gobierno municipal tiene a la vista de toda persona en formato abierto, accesible y electr\u00f3nico informaci\u00f3n sobre proveedores y est\u00e1 actualizada al menos al trimestre inmediato anterior de vigencia:<\/em><\/strong><\/p>\n<p>7.2 Monto de venta del proveedor al Municipio y folio(s) de factura(s):\u00a0<a href=\"http:\/\/ayuntamientodeprogreso.gob.mx\/uthap\/wp-content\/uploads\/2022\/08\/Proveedores-abril-junio-2022.pdf\">Proveedores abril-junio 2022<\/a><\/p>\n<h2><strong>BLOQUE OBRAS<\/strong><\/h2>\n<p><strong><em>11. El gobierno municipal tiene a la vista de toda persona en formato abierto, accesible y electr\u00f3nico informaci\u00f3n sobre un listado con las propuestas de obra del COPLADEMUN (Consejo de Planeaci\u00f3n para el Desarrollo Municipal -o como se denomine-), planteadas al Ayuntamiento para el ejercicio del Ramo 33 del a\u00f1o en curso, y est\u00e1 actualizada al menos al trimestre inmediato anterior de vigencia:<\/em><\/strong><\/p>\n<p>11.1 Publica listado completo de propuestas de obras COPLADEMUN:\u00a0http:\/\/ayuntamientodeprogreso.gob.mx\/planeacion\/wp-content\/uploads\/2022\/04\/ACTA-DE-SESION-ORDINARIA-DE-PRIORIZACION-DE-OBRAS-PARA-EL-EJERCICIO-FISCAL-2022.pdf<br \/>\n11.2 El listado distingue las obras seleccionadas por el COPLADEMUN para realizarse y aquellas validadas por el Ayuntamiento.<a href=\"http:\/\/ayuntamientodeprogreso.gob.mx\/planeacion\/wp-content\/uploads\/2022\/04\/ACTA-DE-SESION-ORDINARIA-DE-PRIORIZACION-DE-OBRAS-PARA-EL-EJERCICIO-FISCAL-2022.pdf\">http:\/\/ayuntamientodeprogreso.gob.mx\/planeacion\/wp-content\/uploads\/2022\/04\/ACTA-DE-SESION-ORDINARIA-DE-PRIORIZACION-DE-OBRAS-PARA-EL-EJERCICIO-FISCAL-2022.pdf<\/a><br \/>\n11.3 Publica acta o acuerdo del Ayuntamiento donde se registra el motivo o raz\u00f3n para seleccionar cada obra.<\/p>\n<h2><strong>BLOQUE BIENES Y SUS USOS<\/strong><\/h2>\n<p><strong><em>13.- El gobierno municipal tiene a la vista de toda persona en formato abierto, accesible y electr\u00f3nico informaci\u00f3n sobre los bienes inmuebles que el municipio le arrienda a personas f\u00edsicas o morales y est\u00e1 actualizada al menos al trimestre inmediato anterior de vigencia:<\/em><\/strong><\/p>\n<p><a href=\"http:\/\/ayuntamientodeprogreso.gob.mx\/uthap\/wp-content\/uploads\/2022\/08\/13.-BIENES-INMUEBLES-ARRENDADOS-ENE-JUN22.pdf\">13. BIENES INMUEBLES ARRENDADOS ENE-JUN22<\/a><\/p>\n<p><a href=\"https:\/\/ayuntamientodeprogreso.gob.mx\/uthap\/wp-content\/uploads\/2023\/08\/CIMTRA-13.-arrendamiento-del-municipio-2do-Semestre-22.pdf\">CIMTRA 13.- arrendamiento del municipio 2do Semestre 22<\/a><\/p>\n<p><a href=\"https:\/\/ayuntamientodeprogreso.gob.mx\/uthap\/wp-content\/uploads\/2023\/08\/CIMTRA-13.-arrendamiento-del-municipio-1er-Semestre-23.pdf\">CIMTRA 13.- arrendamiento del municipio 1er Semestre 23<\/a><\/p>\n<p>13.1 El listado tiene el nombre\/descripci\u00f3n de cada bien inmueble (arrendado)<br \/>\n13.2 El listado se\u00f1ala el nombre del arrendatario y su RFC<br \/>\n13.3 El listado se\u00f1ala el monto de arrendamiento de cada bien inmueble<br \/>\n13.4 El listado incluye la fecha (d\u00eda, mes y a\u00f1o) desde que se arrenda cada uno de los bienes inmuebles<\/p>\n<p><strong><em>14.- El gobierno municipal tiene a la vista de toda persona en formato abierto, accesible y electr\u00f3nico informaci\u00f3n sobre los bienes inmuebles arrendados por el municipio y est\u00e1 actualizada al menos al trimestre inmediato anterior de vigencia:\u00a0<\/em><\/strong><\/p>\n<p><a href=\"http:\/\/ayuntamientodeprogreso.gob.mx\/uthap\/wp-content\/uploads\/2022\/08\/14.2.pdf\">14. Bienes inmuebles arrendados por el mpio<\/a><\/p>\n<p>14.1 El listado tiene el nombre\/descripci\u00f3n de cada bien inmueble (arrendado)<br \/>\n14.2 El listado se\u00f1ala los montos de arrendamiento por inmueble<br \/>\n14.3 El listado se\u00f1ala el nombre de la persona f\u00edsica o moral y su RFC a la que se le arriendan los inmuebles<br \/>\n14.4 El listado incluye la fecha (d\u00eda, mes y a\u00f1o) desde que se arrenda cada uno de los bienes inmuebles<br \/>\n14.5 El listado describe muy brevemente para qu\u00e9 se arrienda cada bien inmueble (el uso que se le da)<\/p>\n<p><a href=\"http:\/\/ayuntamientodeprogreso.gob.mx\/uthap\/wp-content\/uploads\/2022\/08\/Bienes-arrendados-del-Ayuntamiento.xlsx\">Bienes arrendados del Ayuntamiento<\/a><\/p>\n<p><strong><em>15. El gobierno municipal tiene a la vista de toda persona en formato abierto, accesible y electr\u00f3nico informaci\u00f3n sobre bienes inmuebles patrimoniales propiedad y est\u00e1 actualizada al menos al trimestre inmediato anterior de vigencia:<\/em><\/strong><\/p>\n<p><a href=\"http:\/\/ayuntamientodeprogreso.gob.mx\/uthap\/wp-content\/uploads\/2022\/08\/15.pdf\">Bienes inmuebles propiedad del mpio<\/a><\/p>\n<p>15.1 El listado incluye el nombre\/descripci\u00f3n del bien inmueble y localizaci\u00f3n\u00a0<a href=\"http:\/\/ayuntamientodeprogreso.gob.mx\/uthap\/wp-content\/uploads\/2022\/08\/PREDIOS-AYUNTAMIENTO-V.7-CON-INMUEBLES-DE-ALTA-Y-BAJA-1er-Semestre-de-2022.xlsx\">PREDIOS AYUNTAMIENTO V.7 CON INMUEBLES DE ALTA Y BAJA &#8211; (1er Semestre de 2022)<\/a><br \/>\n15.2 El listado incluye el valor actualizado anual y la clave de registro de cada bien inmueble<\/p>\n<p><strong><em>17. El gobierno municipal tiene a la vista de toda persona en formato abierto, accesible y electr\u00f3nico informaci\u00f3n sobre el m\u00e9todo de selecci\u00f3n y la lista de los integrantes del comit\u00e9 (cualquiera que sea su nombre) que vigila\/revisa las licitaciones de obras, las compras, contrataciones, arrendamientos y contratos de servicios que el Ayuntamiento realiza, adem\u00e1s de designar al o los ganadores, y est\u00e1 actualizada al menos al trimestre inmediato anterior de vigencia:<\/em><\/strong><\/p>\n<p>17.1 Existe el Comit\u00e9 y se publica acta de su instalaci\u00f3n:\u00a0<a href=\"http:\/\/ayuntamientodeprogreso.gob.mx\/uthap\/wp-content\/uploads\/2022\/08\/Acta-de-Instalaci\u00f3n-del-comite-de-adquisiciones.pdf\">Acta de Instalaci\u00f3n del comite de adquisiciones<\/a><br \/>\n17.2 El Comit\u00e9 tiene un reglamento interno<a href=\"http:\/\/ayuntamientodeprogreso.gob.mx\/uthap\/wp-content\/uploads\/2022\/08\/17.Gaceta-Municipal-793-Comite-de-adquisiciones.pdf\">17.Gaceta-Municipal-793 Comite de adquisiciones<\/a><br \/>\n17.3 El reglamento describe el m\u00e9todo de selecci\u00f3n de integrantes<a href=\"http:\/\/ayuntamientodeprogreso.gob.mx\/uthap\/wp-content\/uploads\/2022\/08\/17.Gaceta-Municipal-793-Comite-de-adquisiciones.pdf\">17.Gaceta-Municipal-793 Comite de adquisiciones<\/a><br \/>\n17.4 Existe actas de sesiones que incluyan fecha, orden del d\u00eda y asuntos tratados<br \/>\n17.5 El reglamento indica la obligatoriedad de integrantes de la sociedad civil en el Comit\u00e9 y adem\u00e1s se aplica (hay integrantes de este sector)<\/p>\n<h2><strong>BLOQUE ADMINISTRACI\u00d3N<\/strong><\/h2>\n<p><strong><em>20. El gobierno municipal tiene a la vista de toda persona en formato abierto, accesible y electr\u00f3nico informaci\u00f3n sobre todos los donativos (en especie o econ\u00f3micos) otorgados por el Presidente Municipal, cualquier funcionario o el Ayuntamiento a cualquier persona f\u00edsica o moral (sindicatos, asociaciones civiles, deportivos, centros culturales, etc.) y est\u00e1 actualizada al menos al trimestre inmediato anterior de vigencia:\u00a0<\/em><\/strong><\/p>\n<h6>**Tambi\u00e9n se puede visualizar en la Plataforma Nacional de Transparencia Fracci\u00f3n XXVI y XLIV<\/h6>\n<p><a href=\"http:\/\/ayuntamientodeprogreso.gob.mx\/atencion_ciudadana\/2022\/05\/20\/lista-de-beneficiarios-1er-trimestre-2022\/\">http:\/\/ayuntamientodeprogreso.gob.mx\/atencion_ciudadana\/2022\/05\/20\/lista-de-beneficiarios-1er-trimestre-2022\/<\/a><\/p>\n<p><a href=\"http:\/\/ayuntamientodeprogreso.gob.mx\/atencion_ciudadana\/2022\/08\/01\/lista-de-beneficiarios-2do-trimestre-2022\/\">http:\/\/ayuntamientodeprogreso.gob.mx\/atencion_ciudadana\/2022\/08\/01\/lista-de-beneficiarios-2do-trimestre-2022\/<\/a><\/p>\n<p>20.1 Existe listado (incluye fechas; d\u00eda, mes y a\u00f1o)<br \/>\n20.2 El listado describe tipo de donativo y\/o apoyo<br \/>\n20 3 El listado desglosa el monto del o los donativos y\/o apoyos<br \/>\n20.4 El listado incluye el nombre de beneficiario o beneficiarios ya sean personas f\u00edsicas o morales y su RFC.<br \/>\n20.5 El listado incluye los criterios generales para otorgar donativos y\/o apoyos:\u00a0<a href=\"http:\/\/ayuntamientodeprogreso.gob.mx\/finanzas_tesoreria\/wp-content\/uploads\/2022\/08\/12-CONVENIO-CR-DE-COLABORACION-PARA-LA-RECEPCION-DE-DONATIVOS-CRUZ-ROJA-Y-EL-MUNICIPIO-DE-PROGRESO_000007.pdf\">http:\/\/ayuntamientodeprogreso.gob.mx\/finanzas_tesoreria\/wp-content\/uploads\/2022\/08\/12-CONVENIO-CR-DE-COLABORACION-PARA-LA-RECEPCION-DE-DONATIVOS-CRUZ-ROJA-Y-EL-MUNICIPIO-DE-PROGRESO_000007.pdf<\/a><br \/>\n20.6 Se publica el documento, acta o minuta oficial que aprueba la donaci\u00f3n y\/o apoyo:\u00a0<a href=\"http:\/\/ayuntamientodeprogreso.gob.mx\/finanzas_tesoreria\/wp-content\/uploads\/2022\/08\/12-CONVENIO-CR-DE-COLABORACION-PARA-LA-RECEPCION-DE-DONATIVOS-CRUZ-ROJA-Y-EL-MUNICIPIO-DE-PROGRESO_000007.pdf\">http:\/\/ayuntamientodeprogreso.gob.mx\/finanzas_tesoreria\/wp-content\/uploads\/2022\/08\/12-CONVENIO-CR-DE-COLABORACION-PARA-LA-RECEPCION-DE-DONATIVOS-CRUZ-ROJA-Y-EL-MUNICIPIO-DE-PROGRESO_000007.pdf<\/a><\/p>\n<p><strong><em>21.El gobierno municipal tiene a la vista de toda persona en formato abierto, accesible y electr\u00f3nico informaci\u00f3n sobre todos los programas de subsidio(en especie o financiero) otorgados por el Presidente Municipal , cualquier funcionario o el Ayuntamiento a cualquier persona f\u00edsica u organismo p\u00fablico o privado y est\u00e1 actualizada al menos al trimestre inmediato anterior de vigencia:<\/em><\/strong><\/p>\n<p><a href=\"http:\/\/ayuntamientodeprogreso.gob.mx\/uthap\/wp-content\/uploads\/2022\/08\/Subsidios-de-Enero-a-Junio-2021-CIMTRA.xlsx\">Subsidios de Enero a Junio 2021 CIMTRA<\/a><\/p>\n<p>21.1 Existe listado (incluye fechas; d\u00eda, mes y a\u00f1o)<br \/>\n21.2 El listado describe tipo de subsidio<br \/>\n21.3 El listado desglosa el monto del subsidio aprobado y periodo de vigencia<br \/>\n21.4 El listado incluye el nombre de beneficiario o beneficiarios ya sean personas f\u00edsicas o morales y su RFC.<br \/>\n21.5 Poblaci\u00f3n beneficiada estimada con el subsidio<br \/>\n21.6 Se publica el documento, acta o minuta oficial que aprueba el subsidio<\/p>\n<p><em><strong>22. El gobierno municipal tiene a la vista de toda persona en formato abierto, accesible y electr\u00f3nico informaci\u00f3n sobre todos los donativos (en especie o econ\u00f3micos) o comodatos otorgados al Presidente Municipal, a funcionario alguno, regidores y s\u00edndico o al Ayuntamiento por cualquier persona f\u00edsica o moral (sindicatos, asociaciones civiles, deportivos, centros culturales, etc.) y est\u00e1 actualizada al menos al trimestre inmediato anterior de vigencia<\/strong>:<a href=\"http:\/\/ayuntamientodeprogreso.gob.mx\/uthap\/wp-content\/uploads\/2022\/08\/Comodatos-2021-2024.xlsx\">Comodatos 2021-2024<\/a><\/em><\/p>\n<p>22.1 Existe listado (incluye fechas; d\u00eda, mes y a\u00f1o)<br \/>\n22.2 El listado describe el donativo y\/o comodato<br \/>\n22.3 El listado desglosa el monto del o los donativos y\/o comodatos<br \/>\n22.4 El listado incluye el nombre del o los donatarios, ya sean personas f\u00edsicas o morales, y su RFC<\/p>\n<p><em><strong>25. El gobierno municipal tiene a la vista de la ciudadan\u00eda (por medio impreso o electr\u00f3nico) de manera semestral el monto de los subejercicios de cada uno de los programas sociales, tanto federal, estatal y municipal as\u00ed como el destino de estos recursos:<\/strong>\u00a0<a href=\"http:\/\/ayuntamientodeprogreso.gob.mx\/uthap\/wp-content\/uploads\/2022\/08\/Subjejercicios-1er-Semestre.pdf\">Subjejercicios 1er Semestre<\/a><\/em><\/p>\n<p><a href=\"https:\/\/ayuntamientodeprogreso.gob.mx\/uthap\/wp-content\/uploads\/2023\/08\/CIMTRA-25.Subejercicios-2do-Semestre-22.pdf\">CIMTRA 25.Subejercicios 2do Semestre 22<\/a><\/p>\n<p><a href=\"https:\/\/ayuntamientodeprogreso.gob.mx\/uthap\/wp-content\/uploads\/2023\/08\/CIMTRA-25.Subejercicios-1er-Semestre-23.pdf\">CIMTRA 25.Subejercicios 1er Semestre 23<\/a><\/p>\n<p>25.1 Publica los montos de los subejercicios de programas sociales (federales, estatales, municipales)<br \/>\n25.2 Publica destino de los recursos arriba se\u00f1alados<\/p>\n<p><em><strong>26. El gobierno municipal tiene a la vista de la ciudadan\u00eda (por medio impreso o electr\u00f3nico) los ingresos extras (originalmente no presupuestados) que recibe el municipio tanto de la federaci\u00f3n como del estado, as\u00ed como el destino, utilizaci\u00f3n y comprobaci\u00f3n de ese recurso (cuentas y programas):<\/strong><a href=\"http:\/\/ayuntamientodeprogreso.gob.mx\/uthap\/wp-content\/uploads\/2022\/08\/26.INGRESOS-EXTRAS-ENE-JUN22.pdf\">26.INGRESOS EXTRAS ENE-JUN22<\/a><\/em><\/p>\n<p><a href=\"https:\/\/ayuntamientodeprogreso.gob.mx\/uthap\/wp-content\/uploads\/2023\/08\/CIMTRA-26.ingresos-Extras-2do-Semestre-22.pdf\">CIMTRA 26.ingresos Extras 2do Semestre 22<\/a><\/p>\n<p><a href=\"https:\/\/ayuntamientodeprogreso.gob.mx\/uthap\/wp-content\/uploads\/2023\/08\/CIMTRA-26.ingresos-Extras-1er-Semestre-23.pdf\">CIMTRA 26.ingresos Extras 1er Semestre 23<\/a><\/p>\n<p>26.2 Publica destino, utilizaci\u00f3n y comprobaci\u00f3n de los recursos arriba se\u00f1alados:<\/p>\n<h2><strong>BLOQUE URBANIDAD<\/strong><\/h2>\n<p><strong><em>27. El gobierno municipal tiene a la vista de toda persona en formato abierto, accesible y electr\u00f3nico informaci\u00f3n sobre los cambios de uso de suelo que se han autorizado en la presente administraci\u00f3n y est\u00e1 actualizada al menos al trimestre inmediato anterior de vigencia:<\/em><\/strong><\/p>\n<p>27.1 Publican registro de cambios de zonificaci\u00f3n y uso de suelo aprobados por el Ayuntamiento (la informaci\u00f3n publicada debe incluir lugar, medidas f\u00edsicas y modificaci\u00f3n del uso; de residencial a comercial, de residencia a industrial, etc.)<br \/>\n27.2 Publican el dictamen o estudio t\u00e9cnico de la dependencia competente que sustente los cambios de zonificaci\u00f3n y\/o uso de suelo.<br \/>\n27.3 Publican mapa con los usos de suelo actualizado por cada modificaci\u00f3n (cambio) de zonificaci\u00f3n y uso de suelo.<\/p>\n<p><em><strong>28. El gobierno municipal tiene a la vista de toda persona en formato abierto, accesible y electr\u00f3nico informaci\u00f3n sobre un listado de permisos otorgados para la construcci\u00f3n de fraccionamientos nuevos que se han autorizado en la presente administraci\u00f3n y est\u00e1 actualizada al menos al trimestre inmediato anterior de vigencia<\/strong>:<\/em><\/p>\n<p>28.1 Publica listado de todos los permisos otorgados para construir fraccionamientos nuevos (debe incluir fecha \u2013d\u00eda, mes y a\u00f1o-, nombre del fraccionamiento nuevo y ubicaci\u00f3n).<br \/>\n28.2 El listado incluye nombre y RFC de la compa\u00f1\u00eda constructora del fraccionamiento nuevo.<\/p>\n<h2><strong>BLOQUE CONSEJOS<\/strong><\/h2>\n<p><strong>29. El gobierno municipal tiene a la vista de toda persona en formato abierto, accesible y electr\u00f3nico informaci\u00f3n sobre el acta de instalaci\u00f3n de cada uno de los Consejos\/Comit\u00e9s municipales que se eval\u00faan: (Seguridad P\u00fablica, Agua Potable, Desarrollo Urbano,Ecolog\u00eda, Copladem, Consejo que supervisa recursos R33, Transparencia y Catastro):<\/strong><\/p>\n<p><a href=\"http:\/\/ayuntamientodeprogreso.gob.mx\/uthap\/wp-content\/uploads\/2022\/08\/Comites-Consejos-HAP.zip\">Comites-Consejos HAP<\/a><\/p>\n<p><a href=\"http:\/\/ayuntamientodeprogreso.gob.mx\/comuna\/2022\/08\/11\/actas-de-instalacion-de-consejos-y-comites\/\">http:\/\/ayuntamientodeprogreso.gob.mx\/comuna\/2022\/08\/11\/actas-de-instalacion-de-consejos-y-comites\/<\/a><\/p>\n","protected":false},"excerpt":{"rendered":"<p>BLOQUE GASTOS 1. El gobierno municipal tiene a la vista de toda persona en formato abierto, accesible y electr\u00f3nico informaci\u00f3n sobre comunicaci\u00f3n social y est\u00e1 actualizada al menos al trimestre inmediato anterior de vigencia: 1.2 Compara directamente contra el monto del a\u00f1o pasado: Comparativo-de-Gastos-de-Comunicaci\u00f3n-Social-2021-2023 4. El gobierno municipal tiene a la vista de toda persona\u2026 <span class=\"read-more\"><a href=\"https:\/\/ayuntamientodeprogreso.gob.mx\/uthap\/herramienta-cimtra\/\">Read More &raquo;<\/a><\/span><\/p>\n","protected":false},"author":101012,"featured_media":0,"parent":0,"menu_order":12,"comment_status":"closed","ping_status":"closed","template":"","meta":{"footnotes":""},"_links":{"self":[{"href":"https:\/\/ayuntamientodeprogreso.gob.mx\/uthap\/wp-json\/wp\/v2\/pages\/2928"}],"collection":[{"href":"https:\/\/ayuntamientodeprogreso.gob.mx\/uthap\/wp-json\/wp\/v2\/pages"}],"about":[{"href":"https:\/\/ayuntamientodeprogreso.gob.mx\/uthap\/wp-json\/wp\/v2\/types\/page"}],"author":[{"embeddable":true,"href":"https:\/\/ayuntamientodeprogreso.gob.mx\/uthap\/wp-json\/wp\/v2\/users\/101012"}],"replies":[{"embeddable":true,"href":"https:\/\/ayuntamientodeprogreso.gob.mx\/uthap\/wp-json\/wp\/v2\/comments?post=2928"}],"version-history":[{"count":31,"href":"https:\/\/ayuntamientodeprogreso.gob.mx\/uthap\/wp-json\/wp\/v2\/pages\/2928\/revisions"}],"predecessor-version":[{"id":3317,"href":"https:\/\/ayuntamientodeprogreso.gob.mx\/uthap\/wp-json\/wp\/v2\/pages\/2928\/revisions\/3317"}],"wp:attachment":[{"href":"https:\/\/ayuntamientodeprogreso.gob.mx\/uthap\/wp-json\/wp\/v2\/media?parent=2928"}],"curies":[{"name":"wp","href":"https:\/\/api.w.org\/{rel}","templated":true}]}}