{"id":225,"date":"2016-09-20T18:55:41","date_gmt":"2016-09-20T18:55:41","guid":{"rendered":"http:\/\/ayuntamientodeprogreso.gob.mx\/uthap\/?page_id=225"},"modified":"2022-06-20T17:20:25","modified_gmt":"2022-06-20T17:20:25","slug":"informes","status":"publish","type":"page","link":"https:\/\/ayuntamientodeprogreso.gob.mx\/uthap\/informes\/","title":{"rendered":"Informes de Gobierno Municipales"},"content":{"rendered":"<h2><span style=\"color: #000080;\"><strong><a><span style=\"vertical-align: inherit;\"><span style=\"vertical-align: inherit;\">Informes de Gobierno 2018-2021<\/span><\/span><\/a><\/strong><\/span><\/h2>\n<h5><a href=\"http:\/\/ayuntamientodeprogreso.gob.mx\/uthap\/wp-content\/uploads\/2016\/09\/TERCER-INFORME-DEL-ESTADO-QUE-GUARDA-LA-ADMINISTRACI\u00d3N-MUNICIPAL-2018.pdf\">TERCER-INFORME-DEL-ESTADO-QUE-GUARDA-LA-ADMINISTRACI\u00d3N-MUNICIPAL-2018<\/a><\/h5>\n<h4><a href=\"http:\/\/ayuntamientodeprogreso.gob.mx\/uthap\/wp-content\/uploads\/2016\/09\/Segundo-Informe-de-Gobierno-2018-2021.pdf\">Segundo-Informe-de-Gobierno-2018-2021<\/a><\/h4>\n<h4><a href=\"http:\/\/ayuntamientodeprogreso.gob.mx\/uthap\/wp-content\/uploads\/2016\/09\/Primer-Informe-de-Gobierno-Mpio-Progreso-2018-2021.pdf\">Primer-Informe-de-Gobierno-Mpio-Progreso-2018-2021<\/a><\/h4>\n<h2><span style=\"color: #00008b;\"><strong><a><span style=\"vertical-align: inherit;\"><span style=\"vertical-align: inherit;\">Informes de Gobierno 2015-2018<\/span><\/span><\/a><\/strong><\/span><\/h2>\n<p><a href=\"http:\/\/ayuntamientodeprogreso.gob.mx\/uthap\/wp-content\/uploads\/2016\/09\/Primer-Informe-Progreso-Completo.zip\">PRIMER INFORME DE GOBIERNO MUNICIPAL<\/a><\/p>\n<p style=\"text-align: left;\">\u2591\u2592\u2593 \u00a0 \u00a0<a href=\"http:\/\/ayuntamientodeprogreso.gob.mx\/uthap\/wp-content\/uploads\/2016\/09\/Primer-Informe-Progreso-Completo.zip\">2015-2018<\/a>\u00a0 \u00a0\u2593\u2592\u2591<\/p>\n<p style=\"text-align: left;\"><a href=\"http:\/\/ayuntamientodeprogreso.gob.mx\/uthap\/wp-content\/uploads\/2016\/09\/Primer-Informe-Progreso-Completo.zip\"> [JOS\u00c9 ISABEL CORT\u00c9S G\u00d3NGORA]\u00a0<\/a><\/p>\n<p>&nbsp;<\/p>\n<p><a href=\"http:\/\/ayuntamientodeprogreso.gob.mx\/uthap\/wp-content\/uploads\/2016\/09\/INFO-2.pdf\">SEGUNDO INFORME DE GOBIERNO MUNICIPAL<\/a><\/p>\n<p style=\"text-align: left;\">\u2591\u2592\u2593 \u00a0 \u00a0<a href=\"http:\/\/ayuntamientodeprogreso.gob.mx\/uthap\/wp-content\/uploads\/2016\/09\/INFO-2.pdf\">2015-2018<\/a>\u00a0 \u00a0\u2593\u2592\u2591<\/p>\n<p style=\"text-align: left;\"><a href=\"http:\/\/ayuntamientodeprogreso.gob.mx\/uthap\/wp-content\/uploads\/2016\/09\/INFO-2.pdf\">[JOS\u00c9 ISABEL CORT\u00c9S G\u00d3NGORA]\u00a0<\/a><\/p>\n<p style=\"text-align: left;\"><a href=\"http:\/\/ayuntamientodeprogreso.gob.mx\/uthap\/wp-content\/uploads\/2016\/09\/Folleto-informe.pdf\">Folleto Edici\u00f3n especial con el Resumen del <\/a><\/p>\n<p style=\"text-align: left;\"><a href=\"http:\/\/ayuntamientodeprogreso.gob.mx\/uthap\/wp-content\/uploads\/2016\/09\/Folleto-informe.pdf\">Informe anual a Dos a\u00f1os de gobierno. <\/a><\/p>\n<p style=\"text-align: left;\">Agosto\u00a0<a href=\"http:\/\/ayuntamientodeprogreso.gob.mx\/uthap\/wp-content\/uploads\/2016\/09\/Folleto-informe.pdf\">2017.<\/a><\/p>\n","protected":false},"excerpt":{"rendered":"<p>Informes de Gobierno 2018-2021 TERCER-INFORME-DEL-ESTADO-QUE-GUARDA-LA-ADMINISTRACI\u00d3N-MUNICIPAL-2018 Segundo-Informe-de-Gobierno-2018-2021 Primer-Informe-de-Gobierno-Mpio-Progreso-2018-2021 Informes de Gobierno 2015-2018 PRIMER INFORME DE GOBIERNO MUNICIPAL \u2591\u2592\u2593 \u00a0 \u00a02015-2018\u00a0 \u00a0\u2593\u2592\u2591 [JOS\u00c9 ISABEL CORT\u00c9S G\u00d3NGORA]\u00a0 &nbsp; SEGUNDO INFORME DE GOBIERNO MUNICIPAL \u2591\u2592\u2593 \u00a0 \u00a02015-2018\u00a0 \u00a0\u2593\u2592\u2591 [JOS\u00c9 ISABEL CORT\u00c9S G\u00d3NGORA]\u00a0 Folleto Edici\u00f3n especial con el Resumen del Informe anual a Dos a\u00f1os de gobierno. Agosto\u00a02017.<\/p>\n","protected":false},"author":1,"featured_media":0,"parent":0,"menu_order":13,"comment_status":"closed","ping_status":"closed","template":"","meta":{"footnotes":""},"_links":{"self":[{"href":"https:\/\/ayuntamientodeprogreso.gob.mx\/uthap\/wp-json\/wp\/v2\/pages\/225"}],"collection":[{"href":"https:\/\/ayuntamientodeprogreso.gob.mx\/uthap\/wp-json\/wp\/v2\/pages"}],"about":[{"href":"https:\/\/ayuntamientodeprogreso.gob.mx\/uthap\/wp-json\/wp\/v2\/types\/page"}],"author":[{"embeddable":true,"href":"https:\/\/ayuntamientodeprogreso.gob.mx\/uthap\/wp-json\/wp\/v2\/users\/1"}],"replies":[{"embeddable":true,"href":"https:\/\/ayuntamientodeprogreso.gob.mx\/uthap\/wp-json\/wp\/v2\/comments?post=225"}],"version-history":[{"count":28,"href":"https:\/\/ayuntamientodeprogreso.gob.mx\/uthap\/wp-json\/wp\/v2\/pages\/225\/revisions"}],"predecessor-version":[{"id":2886,"href":"https:\/\/ayuntamientodeprogreso.gob.mx\/uthap\/wp-json\/wp\/v2\/pages\/225\/revisions\/2886"}],"wp:attachment":[{"href":"https:\/\/ayuntamientodeprogreso.gob.mx\/uthap\/wp-json\/wp\/v2\/media?parent=225"}],"curies":[{"name":"wp","href":"https:\/\/api.w.org\/{rel}","templated":true}]}}