{"id":1731,"date":"2025-04-22T09:36:01","date_gmt":"2025-04-22T09:36:01","guid":{"rendered":"http:\/\/ayuntamientodeprogreso.gob.mx\/uthap\/?page_id=1731"},"modified":"2026-01-15T18:47:21","modified_gmt":"2026-01-15T18:47:21","slug":"informacion-de-interes-publico","status":"publish","type":"page","link":"https:\/\/ayuntamientodeprogreso.gob.mx\/uthap\/informacion-de-interes-publico\/","title":{"rendered":"Informaci\u00f3n de Inter\u00e9s P\u00fablico"},"content":{"rendered":"<p><span style=\"color: #0000ff;\"><strong><a><span style=\"vertical-align: inherit;\"><span style=\"vertical-align: inherit;\">Informaci\u00f3n de Inter\u00e9s P\u00fablico<\/span><\/span><\/a><\/strong><\/span><\/p>\n<table style=\"height: 249px;\" width=\"680\">\n<tbody>\n<tr>\n<td><span style=\"vertical-align: inherit;\"><span style=\"vertical-align: inherit;\">Acuerdo del Consejo General del Instituto Electoral y de Participaci\u00f3n Ciudadana de Yucat\u00e1n, el cual se aprueba y emite el catalogo definitivo de las pol\u00edticas p\u00fablicas y actos tratados considerados para el ejercicio 2020<\/span><\/span><\/td>\n<td style=\"text-align: center;\"><a href=\"https:\/\/ayuntamientodeprogreso.gob.mx\/uthap\/wp-content\/uploads\/2020\/02\/ACUERDO-C.G.001-2020-1.pdf\"><span style=\"vertical-align: inherit;\"><span style=\"vertical-align: inherit;\">ACUERDO-CG001-2020<\/span><\/span><\/a><\/td>\n<\/tr>\n<tr>\n<td><span style=\"vertical-align: inherit;\"><span style=\"vertical-align: inherit;\">Reglamento municipal de Transparencia<\/span><\/span><\/td>\n<td style=\"text-align: center;\"><a href=\"https:\/\/ayuntamientodeprogreso.gob.mx\/uthap\/wp-content\/uploads\/2026\/01\/Reglamento-de-Transparencia-Acceso-a-la-Informacion-Publica-y-PDP.docx\">Reglamento de Transparencia, Acceso a la Informaci\u00f3n P\u00fablica y PDP<\/a><\/td>\n<\/tr>\n<tr>\n<td><span style=\"vertical-align: inherit;\"><span style=\"vertical-align: inherit;\">Manual de Organizaci\u00f3n de Transparencia<\/span><\/span><\/td>\n<td style=\"text-align: center;\"><a href=\"https:\/\/ayuntamientodeprogreso.gob.mx\/uthap\/wp-content\/uploads\/2025\/09\/M.O.-UNIDAD-DE-TRANSPARENCIA-2025.docx\">M.O. UNIDAD DE TRANSPARENCIA 2025<\/a><\/td>\n<\/tr>\n<tr>\n<td><span style=\"vertical-align: inherit;\"><span style=\"vertical-align: inherit;\">Programa de Transparencia, Acceso a la Informaci\u00f3n P\u00fablica<\/span><\/span><\/td>\n<td style=\"text-align: center;\"><a href=\"https:\/\/ayuntamientodeprogreso.gob.mx\/uthap\/wp-content\/uploads\/2025\/09\/Programa-de-Transparencia-y-Acceso-a-la-Informacion-Publica.docx\">Programa-de-Transparencia-y-Acceso-a-la-Informaci\u00f3n-P\u00fablica.<\/a><\/td>\n<\/tr>\n<tr>\n<td><span style=\"vertical-align: inherit;\"><span style=\"vertical-align: inherit;\">Resultados del Programa de Transparencia, Acceso a la Informaci\u00f3n P\u00fablica<\/span><\/span><\/td>\n<td style=\"text-align: center;\"><a href=\"https:\/\/ayuntamientodeprogreso.gob.mx\/uthap\/wp-content\/uploads\/2020\/02\/Indicadores-de-Transparencia-2019.xlsx\"><span style=\"vertical-align: inherit;\"><span style=\"vertical-align: inherit;\">Indicadores de Transparencia 2019 <\/span><\/span><br \/>\n<\/a><a href=\"https:\/\/ayuntamientodeprogreso.gob.mx\/uthap\/wp-content\/uploads\/2020\/02\/Indicadores-de-Transparencia-2020.xlsx\"><span style=\"vertical-align: inherit;\"><span style=\"vertical-align: inherit;\">Indicadores de Transparencia 2020<\/span><\/span><\/a><a href=\"https:\/\/ayuntamientodeprogreso.gob.mx\/uthap\/wp-content\/uploads\/2020\/02\/Indicadores-de-Transparencia-2021-1.xlsx\">Indicadores-de-Transparencia-2021<\/a><\/td>\n<\/tr>\n<\/tbody>\n<\/table>\n<p><strong><a><span style=\"vertical-align: inherit;\"><span style=\"vertical-align: inherit;\">Normatividad Comentada<\/span><\/span><\/a><\/strong><\/p>\n<p><a href=\"https:\/\/www.itaipue.org.mx\/pnt\/documentos\/1_Ley_General_de_Transparencia_Comentada.pdf\">https:\/\/www.itaipue.org.mx\/pnt\/documentos\/1_Ley_General_de_Transparencia_Comentada.pdf<\/a><\/p>\n<p><a href=\"https:\/\/www.ichitaip.org\/l\/wp-content\/uploads\/capacitacion\/files\/Datos%20Personales\/Publicaciones%20y%20guias\/leygeneraldatos%20comentada.pdf\">https:\/\/www.ichitaip.org\/l\/wp-content\/uploads\/capacitacion\/files\/Datos%20Personales\/Publicaciones%20y%20guias\/leygeneraldatos%20comentada.pdf<\/a><\/p>\n<p><a href=\"https:\/\/www.uaem.mx\/sites\/default\/files\/dir-gestion-archivo\/LGAComentada.pdf\">https:\/\/www.uaem.mx\/sites\/default\/files\/dir-gestion-archivo\/LGAComentada.pdf<\/a><\/p>\n<p><span style=\"color: #333333;\"><strong><a><span style=\"vertical-align: inherit;\"><span style=\"vertical-align: inherit;\"> Armonizaci\u00f3n Contable <\/span><\/span><\/a><\/strong><\/span><\/p>\n<p><a href=\"http:\/\/ayuntamientodeprogreso.gob.mx\/uthap\/wp-content\/uploads\/2020\/02\/oficio-CONAC_Secretar\u00eda-T\u00e9cnica.-163_2020.pdf\">oficio CONAC_Secretar\u00eda T\u00e9cnica.-163_2020<\/a><\/p>\n<p><a href=\"http:\/\/ayuntamientodeprogreso.gob.mx\/uthap\/wp-content\/uploads\/2020\/02\/reporte_individual_414_4196_33977.pdf\">reporte_individual_414_4196_33977<\/a><\/p>\n<p><span style=\"color: #333333;\"><strong><a><span style=\"vertical-align: inherit;\"><span style=\"vertical-align: inherit;\"> Remodelaci\u00f3n del Malec\u00f3n de Progreso<\/span><\/span><\/a><\/strong><\/span><\/p>\n<p><a href=\"http:\/\/ayuntamientodeprogreso.gob.mx\/uthap\/wp-content\/uploads\/2020\/02\/DT_FCS_Progreso_Maleco\u0301n-de-Progreso.pptx\">DT_FCS_Progreso_Maleco\u0301n de Progreso<\/a><\/p>\n<h3><strong>\u00cdndice de Expedientes Clasificados como Reservados<\/strong><\/h3>\n<p><span style=\"color: #000080;\"><strong>2018-2021<\/strong><\/span><\/p>\n<p><a href=\"https:\/\/ayuntamientodeprogreso.gob.mx\/uthap\/wp-content\/uploads\/2025\/04\/SEGUNDO-SEMESTRE-2020.pdf\">2DO. SEMESTRE 2020<\/a><\/p>\n<p><a href=\"https:\/\/ayuntamientodeprogreso.gob.mx\/uthap\/wp-content\/uploads\/2025\/04\/PRIMER-SEMESTRE-2021.pdf\">PRIMER SEMESTRE 2021<\/a><\/p>\n<p><span style=\"color: #000080;\"><strong>2021-2024<\/strong><\/span><\/p>\n<p><a href=\"https:\/\/ayuntamientodeprogreso.gob.mx\/uthap\/wp-content\/uploads\/2025\/04\/SEGUNDO-SEMESTRE-2021.pdf\">SEGUNDO SEMESTRE 2021<\/a><\/p>\n<p><a href=\"https:\/\/ayuntamientodeprogreso.gob.mx\/uthap\/wp-content\/uploads\/2025\/04\/2DO-SEMESTRE-2022.pdf\">2DO-SEMESTRE 2022<\/a><\/p>\n<p><a href=\"https:\/\/ayuntamientodeprogreso.gob.mx\/uthap\/wp-content\/uploads\/2025\/04\/PRIMER-SEMESTRE-2022.pdf\">PRIMER SEMESTRE 2022<\/a><\/p>\n<p><span style=\"color: #000080;\"><strong>2024-2027<\/strong><\/span><\/p>\n<p><a href=\"https:\/\/ayuntamientodeprogreso.gob.mx\/uthap\/wp-content\/uploads\/2025\/04\/RESERVA-2024.pdf\">RESERVA 2024<\/a><\/p>\n<p><a href=\"https:\/\/ayuntamientodeprogreso.gob.mx\/uthap\/wp-content\/uploads\/2025\/07\/INDICE-DE-EXPEDIENTES-CLASIFICADOS-COMO-RESERVADOS-1ER-SEMESTRE-2025.pdf\">INDICE DE EXPEDIENTES CLASIFICADOS COMO RESERVADOS 1ER SEMESTRE 2025<\/a><\/p>\n<p>&nbsp;<\/p>\n","protected":false},"excerpt":{"rendered":"<p>Informaci\u00f3n de Inter\u00e9s P\u00fablico Acuerdo del Consejo General del Instituto Electoral y de Participaci\u00f3n Ciudadana de Yucat\u00e1n, el cual se aprueba y emite el catalogo definitivo de las pol\u00edticas p\u00fablicas y actos tratados considerados para el ejercicio 2020 ACUERDO-CG001-2020 Reglamento municipal de Transparencia Reglamento de Transparencia, Acceso a la Informaci\u00f3n P\u00fablica y PDP Manual de\u2026 <span class=\"read-more\"><a href=\"https:\/\/ayuntamientodeprogreso.gob.mx\/uthap\/informacion-de-interes-publico\/\">Read More &raquo;<\/a><\/span><\/p>\n","protected":false},"author":1,"featured_media":0,"parent":0,"menu_order":11,"comment_status":"closed","ping_status":"closed","template":"","meta":{"footnotes":""},"_links":{"self":[{"href":"https:\/\/ayuntamientodeprogreso.gob.mx\/uthap\/wp-json\/wp\/v2\/pages\/1731"}],"collection":[{"href":"https:\/\/ayuntamientodeprogreso.gob.mx\/uthap\/wp-json\/wp\/v2\/pages"}],"about":[{"href":"https:\/\/ayuntamientodeprogreso.gob.mx\/uthap\/wp-json\/wp\/v2\/types\/page"}],"author":[{"embeddable":true,"href":"https:\/\/ayuntamientodeprogreso.gob.mx\/uthap\/wp-json\/wp\/v2\/users\/1"}],"replies":[{"embeddable":true,"href":"https:\/\/ayuntamientodeprogreso.gob.mx\/uthap\/wp-json\/wp\/v2\/comments?post=1731"}],"version-history":[{"count":44,"href":"https:\/\/ayuntamientodeprogreso.gob.mx\/uthap\/wp-json\/wp\/v2\/pages\/1731\/revisions"}],"predecessor-version":[{"id":4235,"href":"https:\/\/ayuntamientodeprogreso.gob.mx\/uthap\/wp-json\/wp\/v2\/pages\/1731\/revisions\/4235"}],"wp:attachment":[{"href":"https:\/\/ayuntamientodeprogreso.gob.mx\/uthap\/wp-json\/wp\/v2\/media?parent=1731"}],"curies":[{"name":"wp","href":"https:\/\/api.w.org\/{rel}","templated":true}]}}