{"id":1272,"date":"2019-07-03T12:16:12","date_gmt":"2019-07-03T12:16:12","guid":{"rendered":"http:\/\/ayuntamientodeprogreso.gob.mx\/uthap\/?page_id=1272"},"modified":"2025-02-05T17:19:42","modified_gmt":"2025-02-05T17:19:42","slug":"obligacionesdetransparencia","status":"publish","type":"page","link":"https:\/\/ayuntamientodeprogreso.gob.mx\/uthap\/obligacionesdetransparencia\/","title":{"rendered":"Obligaciones de Transparencia"},"content":{"rendered":"<p><img decoding=\"async\" loading=\"lazy\" class=\"alignnone wp-image-2303 size-full\" src=\"https:\/\/ayuntamientodeprogreso.gob.mx\/uthap\/wp-content\/uploads\/2019\/07\/pnt-1.jpg\" alt=\"\" width=\"1257\" height=\"365\" srcset=\"https:\/\/ayuntamientodeprogreso.gob.mx\/uthap\/wp-content\/uploads\/2019\/07\/pnt-1.jpg 1257w, https:\/\/ayuntamientodeprogreso.gob.mx\/uthap\/wp-content\/uploads\/2019\/07\/pnt-1-300x87.jpg 300w, https:\/\/ayuntamientodeprogreso.gob.mx\/uthap\/wp-content\/uploads\/2019\/07\/pnt-1-768x223.jpg 768w, https:\/\/ayuntamientodeprogreso.gob.mx\/uthap\/wp-content\/uploads\/2019\/07\/pnt-1-1024x297.jpg 1024w, https:\/\/ayuntamientodeprogreso.gob.mx\/uthap\/wp-content\/uploads\/2019\/07\/pnt-1-660x192.jpg 660w\" sizes=\"(max-width: 1257px) 100vw, 1257px\" \/><\/p>\n<hr \/>\n<p><span style=\"color: #5b2c6f;\"><strong><span style=\"vertical-align: inherit;\"><span style=\"vertical-align: center;\">TABLA DE APLICABILIDAD Y TABLAS DE ACTUALIZACI\u00d3N Y CONSERVACI\u00d3N\u00a0<\/span><\/span><\/strong><\/span><\/p>\n<p><a href=\"https:\/\/ayuntamientodeprogreso.gob.mx\/uthap\/wp-content\/uploads\/2023\/04\/TablaActualizacion.pdf\">TablaActualizaci\u00f3n<\/a><\/p>\n<p><a href=\"https:\/\/ayuntamientodeprogreso.gob.mx\/uthap\/wp-content\/uploads\/2023\/04\/Tabla-de-aplicabilidad-Art-70-2023.pdf\">Tabla de aplicabilidad Art 70 2023<\/a><\/p>\n<p><a href=\"https:\/\/ayuntamientodeprogreso.gob.mx\/uthap\/wp-content\/uploads\/2024\/04\/Tabla-de-aplicabilidad-Art-70-de-LT-2024.pdf\">Tabla de aplicabilidad Art 70 de LT 2024<\/a><\/p>\n<p><a href=\"https:\/\/ayuntamientodeprogreso.gob.mx\/uthap\/wp-content\/uploads\/2024\/04\/Tabla-de-actualizacion-y-conservacion-de-la-informacion-correspondiente-al-Articulo-71-1.pdf\">Tabla de actualizaci\u00f3n y conservaci\u00f3n de la informaci\u00f3n correspondiente al Art\u00edculo 71<\/a><\/p>\n<p><a href=\"https:\/\/ayuntamientodeprogreso.gob.mx\/uthap\/wp-content\/uploads\/2024\/04\/Tabla-de-actualizacion-y-conservacion-de-la-informacion-publica-derivada-de-las-obligaciones-de-transparencia-comunes-1.pdf\">Tabla de actualizaci\u00f3n y conservaci\u00f3n de la informaci\u00f3n p\u00fablica derivada de las obligaciones de transparencia comunes<\/a><\/p>\n<p><span style=\"color: #5b2c6f;\"><strong><span style=\"vertical-align: inherit;\"><span style=\"vertical-align: center;\">DENUNCIAS CIUDADANAS<\/span><\/span><\/strong><\/span><\/p>\n<p><a href=\"http:\/\/ayuntamientodeprogreso.gob.mx\/uthap\/wp-content\/uploads\/2019\/07\/01-Admision39.2019.docx\">01-Admision39.2019<\/a><\/p>\n<p><a href=\"http:\/\/ayuntamientodeprogreso.gob.mx\/uthap\/wp-content\/uploads\/2019\/07\/01-Admision58.2018.docx\">01-Admision58.2018<\/a><\/p>\n<p><a href=\"http:\/\/ayuntamientodeprogreso.gob.mx\/uthap\/wp-content\/uploads\/2019\/07\/01-Admision104.2018.docx\">01-Admision104.2018<\/a><\/p>\n<p><a href=\"http:\/\/ayuntamientodeprogreso.gob.mx\/uthap\/wp-content\/uploads\/2019\/07\/01-Admision162.2020.docx\">01-Admision162.2020<\/a><\/p>\n<p><a href=\"http:\/\/ayuntamientodeprogreso.gob.mx\/uthap\/wp-content\/uploads\/2019\/07\/01-Admision252.2019.docx\">01-Admision252.2019<\/a><\/p>\n<p><a href=\"http:\/\/ayuntamientodeprogreso.gob.mx\/uthap\/wp-content\/uploads\/2019\/07\/01-Admision282.2019.docx\">01-Admision282.2019<\/a><\/p>\n<p><a href=\"http:\/\/ayuntamientodeprogreso.gob.mx\/uthap\/wp-content\/uploads\/2019\/07\/01-Admision284.2019-y-acumulados.docx\">01-Admision284.2019 y acumulados<\/a><\/p>\n<p><a href=\"http:\/\/ayuntamientodeprogreso.gob.mx\/uthap\/wp-content\/uploads\/2019\/07\/01-Admision335.2019.docx\">01-Admision335.2019<\/a><\/p>\n<p><span style=\"color: #5b2c6f;\"><strong><span style=\"vertical-align: inherit;\"><span style=\"vertical-align: center;\">CONCLUIDAS<\/span><\/span><\/strong><\/span><\/p>\n<p><a href=\"http:\/\/ayuntamientodeprogreso.gob.mx\/uthap\/wp-content\/uploads\/2019\/07\/25-AcuerdoCierreExpediente-282.2019-1.doc\">25-AcuerdoCierreExpediente 282.2019<\/a><\/p>\n<p><a href=\"http:\/\/ayuntamientodeprogreso.gob.mx\/uthap\/wp-content\/uploads\/2019\/07\/25-AcuerdoCierreExpediente-252.2019-1.doc\">25-AcuerdoCierreExpediente-252.2019<\/a><\/p>\n<p><a href=\"http:\/\/ayuntamientodeprogreso.gob.mx\/uthap\/wp-content\/uploads\/2019\/07\/35-CumplimientoResolucion104-2018-1.docx\">35-CumplimientoResolucion104 2018<\/a><\/p>\n<p><a href=\"http:\/\/ayuntamientodeprogreso.gob.mx\/uthap\/wp-content\/uploads\/2019\/07\/44-AcuerdoCierreExpediente-284.2019yAcumulados-1.doc\">44-AcuerdoCierreExpediente-284.2019yAcumulados<\/a><\/p>\n","protected":false},"excerpt":{"rendered":"<p>TABLA DE APLICABILIDAD Y TABLAS DE ACTUALIZACI\u00d3N Y CONSERVACI\u00d3N\u00a0 TablaActualizaci\u00f3n Tabla de aplicabilidad Art 70 2023 Tabla de aplicabilidad Art 70 de LT 2024 Tabla de actualizaci\u00f3n y conservaci\u00f3n de la informaci\u00f3n correspondiente al Art\u00edculo 71 Tabla de actualizaci\u00f3n y conservaci\u00f3n de la informaci\u00f3n p\u00fablica derivada de las obligaciones de transparencia comunes DENUNCIAS CIUDADANAS 01-Admision39.2019\u2026 <span class=\"read-more\"><a href=\"https:\/\/ayuntamientodeprogreso.gob.mx\/uthap\/obligacionesdetransparencia\/\">Read More &raquo;<\/a><\/span><\/p>\n","protected":false},"author":1,"featured_media":2301,"parent":0,"menu_order":14,"comment_status":"closed","ping_status":"closed","template":"","meta":{"footnotes":""},"_links":{"self":[{"href":"https:\/\/ayuntamientodeprogreso.gob.mx\/uthap\/wp-json\/wp\/v2\/pages\/1272"}],"collection":[{"href":"https:\/\/ayuntamientodeprogreso.gob.mx\/uthap\/wp-json\/wp\/v2\/pages"}],"about":[{"href":"https:\/\/ayuntamientodeprogreso.gob.mx\/uthap\/wp-json\/wp\/v2\/types\/page"}],"author":[{"embeddable":true,"href":"https:\/\/ayuntamientodeprogreso.gob.mx\/uthap\/wp-json\/wp\/v2\/users\/1"}],"replies":[{"embeddable":true,"href":"https:\/\/ayuntamientodeprogreso.gob.mx\/uthap\/wp-json\/wp\/v2\/comments?post=1272"}],"version-history":[{"count":24,"href":"https:\/\/ayuntamientodeprogreso.gob.mx\/uthap\/wp-json\/wp\/v2\/pages\/1272\/revisions"}],"predecessor-version":[{"id":3962,"href":"https:\/\/ayuntamientodeprogreso.gob.mx\/uthap\/wp-json\/wp\/v2\/pages\/1272\/revisions\/3962"}],"wp:featuredmedia":[{"embeddable":true,"href":"https:\/\/ayuntamientodeprogreso.gob.mx\/uthap\/wp-json\/wp\/v2\/media\/2301"}],"wp:attachment":[{"href":"https:\/\/ayuntamientodeprogreso.gob.mx\/uthap\/wp-json\/wp\/v2\/media?parent=1272"}],"curies":[{"name":"wp","href":"https:\/\/api.w.org\/{rel}","templated":true}]}}